{"id":5044,"date":"2024-07-13T22:56:42","date_gmt":"2024-07-13T20:56:42","guid":{"rendered":"https:\/\/www.rentaboatking.com\/?page_id=5044"},"modified":"2024-07-13T22:56:43","modified_gmt":"2024-07-13T20:56:43","slug":"datenschutzerklaerung","status":"publish","type":"page","link":"https:\/\/www.rentaboatking.com\/de\/datenschutzerklaerung\/","title":{"rendered":"Datenschutzerkl\u00e4rung"},"content":{"rendered":"<div class=\"fusion-fullwidth fullwidth-box fusion-builder-row-1 fusion-flex-container nonhundred-percent-fullwidth non-hundred-percent-height-scrolling\" style=\"--awb-background-position:right top;--awb-border-radius-top-left:0px;--awb-border-radius-top-right:0px;--awb-border-radius-bottom-right:0px;--awb-border-radius-bottom-left:0px;--awb-padding-top:25px;--awb-padding-bottom:8%;--awb-margin-top:20px;--awb-background-color:#ffffff;--awb-background-image:linear-gradient(0deg, #f1d253 0%,rgba(6,6,7,0) 0%);--awb-flex-wrap:wrap;\" ><div class=\"fusion-builder-row fusion-row fusion-flex-align-items-stretch fusion-flex-content-wrap\" style=\"max-width:1378px;margin-left: calc(-4% \/ 2 );margin-right: calc(-4% \/ 2 );\"><div class=\"fusion-layout-column fusion_builder_column fusion-builder-column-0 fusion_builder_column_1_1 1_1 fusion-flex-column fusion-flex-align-self-center fusion-animated\" style=\"--awb-bg-size:cover;--awb-width-large:100%;--awb-margin-top-large:0px;--awb-spacing-right-large:1.92%;--awb-margin-bottom-large:20px;--awb-spacing-left-large:1.92%;--awb-width-medium:100%;--awb-order-medium:0;--awb-spacing-right-medium:1.92%;--awb-spacing-left-medium:1.92%;--awb-width-small:100%;--awb-order-small:0;--awb-spacing-right-small:1.92%;--awb-spacing-left-small:1.92%;\" data-animationType=\"fadeInDown\" data-animationDuration=\"0.8\" data-animationOffset=\"top-into-view\"><div class=\"fusion-column-wrapper fusion-column-has-shadow fusion-flex-justify-content-flex-start fusion-content-layout-block\"><div class=\"fusion-separator fusion-full-width-sep\" style=\"align-self: center;margin-left: auto;margin-right: auto;margin-top:30px;margin-bottom:30px;width:100%;\"><\/div><div class=\"fusion-title title fusion-title-1 fusion-sep-none fusion-title-center fusion-title-text fusion-title-size-one\" style=\"--awb-text-color:#fb8500;--awb-margin-bottom:2%;--awb-margin-bottom-small:2%;--awb-font-size:20px;\"><h1 class=\"fusion-title-heading title-heading-center fusion-responsive-typography-calculated\" style=\"margin:0;font-size:1em;--fontSize:20;--minFontSize:20;line-height:1.2;\"><p style=\"text-align: center;\">Rent a Boot Baska | Taxi Boott Baska | King&#8217;s Ferienwohnung Baska<\/p><\/h1><\/div><div class=\"fusion-title title fusion-title-2 fusion-sep-none fusion-title-center fusion-title-text fusion-title-size-one\" style=\"--awb-text-color:#666666;--awb-margin-top:50px;--awb-margin-bottom:0px;--awb-margin-bottom-small:10px;--awb-font-size:75px;\"><h1 class=\"fusion-title-heading title-heading-center fusion-responsive-typography-calculated\" style=\"margin:0;font-size:1em;--fontSize:75;line-height:1;\"><p style=\"text-align: center;\">Datenschutzerkl\u00e4rung<\/p><\/h1><\/div><div class=\"fusion-content-boxes content-boxes columns row fusion-columns-1 fusion-columns-total-0 fusion-content-boxes-1 content-boxes-icon-with-title content-left\" style=\"--awb-hover-accent-color:#65bc7b;--awb-circle-hover-accent-color:#65bc7b;--awb-item-margin-bottom:40px;\" data-animationOffset=\"top-into-view\"><div class=\"fusion-clearfix\"><\/div><\/div><div class=\"fusion-fa-align-center\"><i class=\"fb-icon-element-1 fb-icon-element fontawesome-icon fitness-separator circle-no\" style=\"--awb-iconcolor:#fb8500;--awb-iconcolor-hover:#fb8500;--awb-font-size:99px;--awb-margin-top:-15px;--awb-margin-bottom:-15px;\"><\/i><\/div><div class=\"fusion-title title fusion-title-3 fusion-sep-none fusion-title-text fusion-title-size-three\"><h3 class=\"fusion-title-heading title-heading-left fusion-responsive-typography-calculated\" style=\"margin:0;--fontSize:24;--minFontSize:24;line-height:1.36;\"><p style=\"text-align: left;\">Einf\u00fchrung<\/p><\/h3><\/div><div class=\"fusion-text fusion-text-1\"><p style=\"text-align: left;\">Willkommen bei T.U.O. &#8222;King&#8220;. Wir sch\u00e4tzen Ihre Privatsph\u00e4re und sind verpflichtet, Ihre pers\u00f6nlichen Informationen zu sch\u00fctzen. Diese Datenschutzerkl\u00e4rung erkl\u00e4rt, wie wir Ihre Daten sammeln, verwenden und sch\u00fctzen, wenn Sie unsere Website nutzen.<\/p>\n<\/div><div class=\"fusion-title title fusion-title-4 fusion-sep-none fusion-title-text fusion-title-size-three\"><h3 class=\"fusion-title-heading title-heading-left fusion-responsive-typography-calculated\" style=\"margin:0;--fontSize:24;--minFontSize:24;line-height:1.36;\"><p style=\"text-align: left;\">Informationen, die wir sammeln<\/p><\/h3><\/div><div class=\"fusion-text fusion-text-2\"><p style=\"text-align: left;\">Die von uns gesammelten Informationen werden ausschlie\u00dflich f\u00fcr folgende Zwecke verwendet:<\/p>\n<ul>\n<li>Beantwortung von Anfragen: Wir verwenden Ihre Kontaktdaten, um auf Ihre Fragen zu antworten und Informationen \u00fcber unsere Dienstleistungen bereitzustellen.<\/li>\n<li>Kundensupport: Um Ihnen Unterst\u00fctzung zu bieten und eventuelle Probleme zu l\u00f6sen, die Sie haben k\u00f6nnten.<\/li>\n<\/ul>\n<\/div><div class=\"fusion-title title fusion-title-5 fusion-sep-none fusion-title-text fusion-title-size-three\"><h3 class=\"fusion-title-heading title-heading-left fusion-responsive-typography-calculated\" style=\"margin:0;--fontSize:24;--minFontSize:24;line-height:1.36;\"><p style=\"text-align: left;\">Datenschutz<\/p><\/h3><\/div><div class=\"fusion-text fusion-text-3\"><p>Wir sind bestrebt, sicherzustellen, dass Ihre Informationen sicher sind. Wir haben geeignete physische, elektronische und verwaltungstechnische Verfahren implementiert, um die von uns online gesammelten Informationen zu sch\u00fctzen und zu sichern.<\/p>\n<\/div><div class=\"fusion-title title fusion-title-6 fusion-sep-none fusion-title-text fusion-title-size-three\"><h3 class=\"fusion-title-heading title-heading-left fusion-responsive-typography-calculated\" style=\"margin:0;--fontSize:24;--minFontSize:24;line-height:1.36;\">Datenspeicherung<\/h3><\/div><div class=\"fusion-text fusion-text-4\"><p>Wir werden Ihre pers\u00f6nlichen Informationen nur so lange aufbewahren, wie es notwendig ist, um die Zwecke zu erf\u00fcllen, f\u00fcr die wir sie gesammelt haben, einschlie\u00dflich der Erf\u00fcllung gesetzlicher, buchhalterischer oder berichtspflichtiger Anforderungen.<\/p>\n<\/div><div class=\"fusion-title title fusion-title-7 fusion-sep-none fusion-title-text fusion-title-size-three\"><h3 class=\"fusion-title-heading title-heading-left fusion-responsive-typography-calculated\" style=\"margin:0;--fontSize:24;--minFontSize:24;line-height:1.36;\">Weitergabe von Informationen<\/h3><\/div><div class=\"fusion-text fusion-text-5\"><p>Wir geben Ihre pers\u00f6nlichen Informationen nicht an Dritte weiter, verkaufen oder vertreiben sie nicht, es sei denn, dies ist gesetzlich vorgeschrieben.<\/p>\n<\/div><div class=\"fusion-title title fusion-title-8 fusion-sep-none fusion-title-text fusion-title-size-three\"><h3 class=\"fusion-title-heading title-heading-left fusion-responsive-typography-calculated\" style=\"margin:0;--fontSize:24;--minFontSize:24;line-height:1.36;\">Ihre Rechte<\/h3><\/div><div class=\"fusion-text fusion-text-6\"><p>Sie haben das Recht:<\/p>\n<ul>\n<li>Auf Ihre Daten zuzugreifen: Eine Kopie der pers\u00f6nlichen Informationen anzufordern, die wir \u00fcber Sie haben.<\/li>\n<li>Ihre Daten zu korrigieren: Die Berichtigung ungenauer oder unvollst\u00e4ndiger Daten zu verlangen, die wir \u00fcber Sie haben.<\/li>\n<li>Ihre Daten zu l\u00f6schen: Die L\u00f6schung Ihrer pers\u00f6nlichen Daten zu verlangen.<\/li>\n<\/ul>\n<\/div><div class=\"fusion-title title fusion-title-9 fusion-sep-none fusion-title-text fusion-title-size-three\"><h3 class=\"fusion-title-heading title-heading-left fusion-responsive-typography-calculated\" style=\"margin:0;--fontSize:24;--minFontSize:24;line-height:1.36;\">\u00c4nderungen dieser Richtlinie<\/h3><\/div><div class=\"fusion-text fusion-text-7\"><p>Wir k\u00f6nnen diese Datenschutzerkl\u00e4rung von Zeit zu Zeit aktualisieren. Wir werden Sie \u00fcber alle \u00c4nderungen informieren, indem wir die neue Richtlinie auf unserer Website ver\u00f6ffentlichen.<\/p>\n<\/div><div class=\"fusion-title title fusion-title-10 fusion-sep-none fusion-title-text fusion-title-size-three\"><h3 class=\"fusion-title-heading title-heading-left fusion-responsive-typography-calculated\" style=\"margin:0;--fontSize:24;--minFontSize:24;line-height:1.36;\">Kontaktieren Sie uns<\/h3><\/div><div class=\"fusion-text fusion-text-8\"><p>T.U.O. &#8222;King&#8220; Palada 12, 51523 Baska, Insel Krk taxiboatking@gmail.com<\/p>\n<p>+385\/92\/104-5390<\/p>\n<\/div><div class=\"fusion-separator fusion-full-width-sep\" style=\"align-self: center;margin-left: auto;margin-right: auto;width:100%;\"><\/div><\/div><\/div><\/div><\/div>\n","protected":false},"excerpt":{"rendered":"","protected":false},"author":1,"featured_media":0,"parent":0,"menu_order":0,"comment_status":"closed","ping_status":"closed","template":"100-width.php","meta":{"footnotes":""},"class_list":["post-5044","page","type-page","status-publish","hentry"],"yoast_head":"<!-- This site is optimized with the Yoast SEO plugin v24.9 - https:\/\/yoast.com\/wordpress\/plugins\/seo\/ -->\n<title>Datenschutzerkl\u00e4rung - Rent a boat King - Baska<\/title>\n<meta name=\"robots\" content=\"index, follow, max-snippet:-1, max-image-preview:large, max-video-preview:-1\" \/>\n<link rel=\"canonical\" href=\"https:\/\/www.rentaboatking.com\/de\/datenschutzerklaerung\/\" \/>\n<meta property=\"og:locale\" content=\"de_DE\" \/>\n<meta property=\"og:type\" content=\"article\" \/>\n<meta property=\"og:title\" content=\"Datenschutzerkl\u00e4rung - Rent a boat King - Baska\" \/>\n<meta property=\"og:url\" content=\"https:\/\/www.rentaboatking.com\/de\/datenschutzerklaerung\/\" \/>\n<meta property=\"og:site_name\" content=\"Rent a boat King - Baska\" \/>\n<meta property=\"article:publisher\" content=\"https:\/\/www.facebook.com\/baskasubmarine\/about?locale=hr_HR\" \/>\n<meta property=\"article:modified_time\" content=\"2024-07-13T20:56:43+00:00\" \/>\n<meta property=\"og:image\" content=\"https:\/\/www.rentaboatking.com\/wp-content\/uploads\/2024\/07\/Barracuda-545-21-croped1.jpg\" \/>\n\t<meta property=\"og:image:width\" content=\"1200\" \/>\n\t<meta property=\"og:image:height\" content=\"675\" \/>\n\t<meta property=\"og:image:type\" content=\"image\/jpeg\" \/>\n<meta name=\"twitter:card\" content=\"summary_large_image\" \/>\n<meta name=\"twitter:label1\" content=\"Gesch\u00e4tzte Lesezeit\" \/>\n\t<meta name=\"twitter:data1\" content=\"5\u00a0Minuten\" \/>\n<script type=\"application\/ld+json\" class=\"yoast-schema-graph\">{\"@context\":\"https:\/\/schema.org\",\"@graph\":[{\"@type\":\"WebPage\",\"@id\":\"https:\/\/www.rentaboatking.com\/de\/datenschutzerklaerung\/\",\"url\":\"https:\/\/www.rentaboatking.com\/de\/datenschutzerklaerung\/\",\"name\":\"Datenschutzerkl\u00e4rung - Rent a boat King - Baska\",\"isPartOf\":{\"@id\":\"https:\/\/www.rentaboatking.com\/de\/#website\"},\"datePublished\":\"2024-07-13T20:56:42+00:00\",\"dateModified\":\"2024-07-13T20:56:43+00:00\",\"breadcrumb\":{\"@id\":\"https:\/\/www.rentaboatking.com\/de\/datenschutzerklaerung\/#breadcrumb\"},\"inLanguage\":\"de\",\"potentialAction\":[{\"@type\":\"ReadAction\",\"target\":[\"https:\/\/www.rentaboatking.com\/de\/datenschutzerklaerung\/\"]}]},{\"@type\":\"BreadcrumbList\",\"@id\":\"https:\/\/www.rentaboatking.com\/de\/datenschutzerklaerung\/#breadcrumb\",\"itemListElement\":[{\"@type\":\"ListItem\",\"position\":1,\"name\":\"Home\",\"item\":\"https:\/\/www.rentaboatking.com\/de\/\"},{\"@type\":\"ListItem\",\"position\":2,\"name\":\"Datenschutzerkl\u00e4rung\"}]},{\"@type\":\"WebSite\",\"@id\":\"https:\/\/www.rentaboatking.com\/de\/#website\",\"url\":\"https:\/\/www.rentaboatking.com\/de\/\",\"name\":\"Rent a boat King - Ba\u0161ka\",\"description\":\"Rent a boat Baska - Explore Beaches and Islands around Baska\",\"publisher\":{\"@id\":\"https:\/\/www.rentaboatking.com\/de\/#organization\"},\"potentialAction\":[{\"@type\":\"SearchAction\",\"target\":{\"@type\":\"EntryPoint\",\"urlTemplate\":\"https:\/\/www.rentaboatking.com\/de\/?s={search_term_string}\"},\"query-input\":{\"@type\":\"PropertyValueSpecification\",\"valueRequired\":true,\"valueName\":\"search_term_string\"}}],\"inLanguage\":\"de\"},{\"@type\":\"Organization\",\"@id\":\"https:\/\/www.rentaboatking.com\/de\/#organization\",\"name\":\"TURISTI\u010cKO-USLU\u017dNI OBRT \u201cKING\u201d BA\u0160KA\",\"alternateName\":\"''King'' Ba\u0161ka\",\"url\":\"https:\/\/www.rentaboatking.com\/de\/\",\"logo\":{\"@type\":\"ImageObject\",\"inLanguage\":\"de\",\"@id\":\"https:\/\/www.rentaboatking.com\/de\/#\/schema\/logo\/image\/\",\"url\":\"https:\/\/www.rentaboatking.com\/wp-content\/uploads\/2024\/06\/cropped-apple-touch-icon.png\",\"contentUrl\":\"https:\/\/www.rentaboatking.com\/wp-content\/uploads\/2024\/06\/cropped-apple-touch-icon.png\",\"width\":512,\"height\":512,\"caption\":\"TURISTI\u010cKO-USLU\u017dNI OBRT \u201cKING\u201d BA\u0160KA\"},\"image\":{\"@id\":\"https:\/\/www.rentaboatking.com\/de\/#\/schema\/logo\/image\/\"},\"sameAs\":[\"https:\/\/www.facebook.com\/baskasubmarine\/about?locale=hr_HR\",\"https:\/\/www.instagram.com\/king_baska\/\",\"https:\/\/www.checkyeti.com\/en\/d\/2819\/21987\",\"https:\/\/www.checkyeti.com\/en\/d\/2819\/21990\"]}]}<\/script>\n<!-- \/ Yoast SEO plugin. -->","yoast_head_json":{"title":"Datenschutzerkl\u00e4rung - Rent a boat King - Baska","robots":{"index":"index","follow":"follow","max-snippet":"max-snippet:-1","max-image-preview":"max-image-preview:large","max-video-preview":"max-video-preview:-1"},"canonical":"https:\/\/www.rentaboatking.com\/de\/datenschutzerklaerung\/","og_locale":"de_DE","og_type":"article","og_title":"Datenschutzerkl\u00e4rung - Rent a boat King - Baska","og_url":"https:\/\/www.rentaboatking.com\/de\/datenschutzerklaerung\/","og_site_name":"Rent a boat King - Baska","article_publisher":"https:\/\/www.facebook.com\/baskasubmarine\/about?locale=hr_HR","article_modified_time":"2024-07-13T20:56:43+00:00","og_image":[{"width":1200,"height":675,"url":"https:\/\/www.rentaboatking.com\/wp-content\/uploads\/2024\/07\/Barracuda-545-21-croped1.jpg","type":"image\/jpeg"}],"twitter_card":"summary_large_image","twitter_misc":{"Gesch\u00e4tzte Lesezeit":"5\u00a0Minuten"},"schema":{"@context":"https:\/\/schema.org","@graph":[{"@type":"WebPage","@id":"https:\/\/www.rentaboatking.com\/de\/datenschutzerklaerung\/","url":"https:\/\/www.rentaboatking.com\/de\/datenschutzerklaerung\/","name":"Datenschutzerkl\u00e4rung - Rent a boat King - Baska","isPartOf":{"@id":"https:\/\/www.rentaboatking.com\/de\/#website"},"datePublished":"2024-07-13T20:56:42+00:00","dateModified":"2024-07-13T20:56:43+00:00","breadcrumb":{"@id":"https:\/\/www.rentaboatking.com\/de\/datenschutzerklaerung\/#breadcrumb"},"inLanguage":"de","potentialAction":[{"@type":"ReadAction","target":["https:\/\/www.rentaboatking.com\/de\/datenschutzerklaerung\/"]}]},{"@type":"BreadcrumbList","@id":"https:\/\/www.rentaboatking.com\/de\/datenschutzerklaerung\/#breadcrumb","itemListElement":[{"@type":"ListItem","position":1,"name":"Home","item":"https:\/\/www.rentaboatking.com\/de\/"},{"@type":"ListItem","position":2,"name":"Datenschutzerkl\u00e4rung"}]},{"@type":"WebSite","@id":"https:\/\/www.rentaboatking.com\/de\/#website","url":"https:\/\/www.rentaboatking.com\/de\/","name":"Rent a boat King - Ba\u0161ka","description":"Rent a boat Baska - Explore Beaches and Islands around Baska","publisher":{"@id":"https:\/\/www.rentaboatking.com\/de\/#organization"},"potentialAction":[{"@type":"SearchAction","target":{"@type":"EntryPoint","urlTemplate":"https:\/\/www.rentaboatking.com\/de\/?s={search_term_string}"},"query-input":{"@type":"PropertyValueSpecification","valueRequired":true,"valueName":"search_term_string"}}],"inLanguage":"de"},{"@type":"Organization","@id":"https:\/\/www.rentaboatking.com\/de\/#organization","name":"TURISTI\u010cKO-USLU\u017dNI OBRT \u201cKING\u201d BA\u0160KA","alternateName":"''King'' Ba\u0161ka","url":"https:\/\/www.rentaboatking.com\/de\/","logo":{"@type":"ImageObject","inLanguage":"de","@id":"https:\/\/www.rentaboatking.com\/de\/#\/schema\/logo\/image\/","url":"https:\/\/www.rentaboatking.com\/wp-content\/uploads\/2024\/06\/cropped-apple-touch-icon.png","contentUrl":"https:\/\/www.rentaboatking.com\/wp-content\/uploads\/2024\/06\/cropped-apple-touch-icon.png","width":512,"height":512,"caption":"TURISTI\u010cKO-USLU\u017dNI OBRT \u201cKING\u201d BA\u0160KA"},"image":{"@id":"https:\/\/www.rentaboatking.com\/de\/#\/schema\/logo\/image\/"},"sameAs":["https:\/\/www.facebook.com\/baskasubmarine\/about?locale=hr_HR","https:\/\/www.instagram.com\/king_baska\/","https:\/\/www.checkyeti.com\/en\/d\/2819\/21987","https:\/\/www.checkyeti.com\/en\/d\/2819\/21990"]}]}},"_links":{"self":[{"href":"https:\/\/www.rentaboatking.com\/de\/wp-json\/wp\/v2\/pages\/5044","targetHints":{"allow":["GET"]}}],"collection":[{"href":"https:\/\/www.rentaboatking.com\/de\/wp-json\/wp\/v2\/pages"}],"about":[{"href":"https:\/\/www.rentaboatking.com\/de\/wp-json\/wp\/v2\/types\/page"}],"author":[{"embeddable":true,"href":"https:\/\/www.rentaboatking.com\/de\/wp-json\/wp\/v2\/users\/1"}],"replies":[{"embeddable":true,"href":"https:\/\/www.rentaboatking.com\/de\/wp-json\/wp\/v2\/comments?post=5044"}],"version-history":[{"count":0,"href":"https:\/\/www.rentaboatking.com\/de\/wp-json\/wp\/v2\/pages\/5044\/revisions"}],"wp:attachment":[{"href":"https:\/\/www.rentaboatking.com\/de\/wp-json\/wp\/v2\/media?parent=5044"}],"curies":[{"name":"wp","href":"https:\/\/api.w.org\/{rel}","templated":true}]}}