{"id":5016,"date":"2024-07-13T22:57:17","date_gmt":"2024-07-13T20:57:17","guid":{"rendered":"https:\/\/www.rentaboatking.com\/?page_id=5016"},"modified":"2024-07-13T23:41:30","modified_gmt":"2024-07-13T21:41:30","slug":"impressum","status":"publish","type":"page","link":"https:\/\/www.rentaboatking.com\/hr\/impressum\/","title":{"rendered":"Impressum"},"content":{"rendered":"<div class=\"fusion-fullwidth fullwidth-box fusion-builder-row-1 fusion-flex-container nonhundred-percent-fullwidth non-hundred-percent-height-scrolling\" style=\"--awb-background-position:right top;--awb-border-radius-top-left:0px;--awb-border-radius-top-right:0px;--awb-border-radius-bottom-right:0px;--awb-border-radius-bottom-left:0px;--awb-padding-top:25px;--awb-padding-bottom:8%;--awb-margin-top:20px;--awb-background-color:#ffffff;--awb-background-image:linear-gradient(0deg, #f1d253 0%,rgba(6,6,7,0) 0%);--awb-flex-wrap:wrap;\" ><div class=\"fusion-builder-row fusion-row fusion-flex-align-items-stretch fusion-flex-content-wrap\" style=\"max-width:1378px;margin-left: calc(-4% \/ 2 );margin-right: calc(-4% \/ 2 );\"><div class=\"fusion-layout-column fusion_builder_column fusion-builder-column-0 fusion_builder_column_1_1 1_1 fusion-flex-column fusion-animated\" style=\"--awb-bg-size:cover;--awb-width-large:100%;--awb-margin-top-large:0px;--awb-spacing-right-large:1.92%;--awb-margin-bottom-large:20px;--awb-spacing-left-large:1.92%;--awb-width-medium:100%;--awb-order-medium:0;--awb-spacing-right-medium:1.92%;--awb-spacing-left-medium:1.92%;--awb-width-small:100%;--awb-order-small:0;--awb-spacing-right-small:1.92%;--awb-spacing-left-small:1.92%;\" data-animationType=\"fadeInDown\" data-animationDuration=\"0.8\" data-animationOffset=\"top-into-view\"><div class=\"fusion-column-wrapper fusion-column-has-shadow fusion-flex-justify-content-flex-start fusion-content-layout-block\"><div class=\"fusion-separator fusion-no-large-visibility fusion-full-width-sep\" style=\"align-self: center;margin-left: auto;margin-right: auto;margin-bottom:30px;width:100%;\"><\/div><div class=\"fusion-text fusion-text-1\"><h3>Podaci o tvrtki<\/h3>\n<p>Naziv tvrtke: TURISTI\u010cKO-USLU\u017dNI OBRT &#8220;KING&#8221; BA\u0160KA, VL. TOMICA KRALJI\u0106<\/p>\n<p>Address: PALADA 12<\/p>\n<p>51523 BA\u0160KA, CROATIA<\/p>\n<h3>Kontakt podaci<\/h3>\n<p>Telefon: +385\/92\/104-5390<\/p>\n<p>Email: taxiboatking@gmail.com<\/p>\n<h3>Zakonski zastupnici<\/h3>\n<p>Direktor: KRALJI\u0106 TOMICA<\/p>\n<h3>Registracija tvrtke<\/h3>\n<p>Registriranu u: UPRAVNI ODJEL ZA TURIZAM, PODUZETNI\u0160TVO I RURALNI RAZVOJ KRK (KRK)<\/p>\n<p>Mati\u010dni broj: 08010402545<\/p>\n<h3>Identifikacijski broj za PDV<\/h3>\n<p>PDV ID: HR99275736287<\/p>\n<\/div><div class=\"fusion-separator fusion-full-width-sep\" style=\"align-self: center;margin-left: auto;margin-right: auto;width:100%;\"><\/div><\/div><\/div><\/div><\/div>\n","protected":false},"excerpt":{"rendered":"","protected":false},"author":1,"featured_media":0,"parent":0,"menu_order":0,"comment_status":"closed","ping_status":"closed","template":"100-width.php","meta":{"footnotes":""},"class_list":["post-5016","page","type-page","status-publish","hentry"],"yoast_head":"<!-- This site is optimized with the Yoast SEO plugin v24.9 - https:\/\/yoast.com\/wordpress\/plugins\/seo\/ -->\n<title>Impressum - Rent a boat King - Baska<\/title>\n<meta name=\"robots\" content=\"index, follow, max-snippet:-1, max-image-preview:large, max-video-preview:-1\" \/>\n<link rel=\"canonical\" href=\"https:\/\/www.rentaboatking.com\/hr\/impressum\/\" \/>\n<meta property=\"og:locale\" content=\"hr_HR\" \/>\n<meta property=\"og:type\" content=\"article\" \/>\n<meta property=\"og:title\" content=\"Impressum - Rent a boat King - Baska\" \/>\n<meta property=\"og:url\" content=\"https:\/\/www.rentaboatking.com\/hr\/impressum\/\" \/>\n<meta property=\"og:site_name\" content=\"Rent a boat King - Baska\" \/>\n<meta property=\"article:publisher\" content=\"https:\/\/www.facebook.com\/baskasubmarine\/about?locale=hr_HR\" \/>\n<meta property=\"article:modified_time\" content=\"2024-07-13T21:41:30+00:00\" \/>\n<meta property=\"og:image\" content=\"https:\/\/www.rentaboatking.com\/wp-content\/uploads\/2024\/07\/Barracuda-545-21-croped1.jpg\" \/>\n\t<meta property=\"og:image:width\" content=\"1200\" \/>\n\t<meta property=\"og:image:height\" content=\"675\" \/>\n\t<meta property=\"og:image:type\" content=\"image\/jpeg\" \/>\n<meta name=\"twitter:card\" content=\"summary_large_image\" \/>\n<meta name=\"twitter:label1\" content=\"Procijenjeno vrijeme \u010ditanja\" \/>\n\t<meta name=\"twitter:data1\" content=\"2 minute\" \/>\n<script type=\"application\/ld+json\" class=\"yoast-schema-graph\">{\"@context\":\"https:\/\/schema.org\",\"@graph\":[{\"@type\":\"WebPage\",\"@id\":\"https:\/\/www.rentaboatking.com\/hr\/impressum\/\",\"url\":\"https:\/\/www.rentaboatking.com\/hr\/impressum\/\",\"name\":\"Impressum - Rent a boat King - Baska\",\"isPartOf\":{\"@id\":\"https:\/\/www.rentaboatking.com\/hr\/#website\"},\"datePublished\":\"2024-07-13T20:57:17+00:00\",\"dateModified\":\"2024-07-13T21:41:30+00:00\",\"breadcrumb\":{\"@id\":\"https:\/\/www.rentaboatking.com\/hr\/impressum\/#breadcrumb\"},\"inLanguage\":\"hr\",\"potentialAction\":[{\"@type\":\"ReadAction\",\"target\":[\"https:\/\/www.rentaboatking.com\/hr\/impressum\/\"]}]},{\"@type\":\"BreadcrumbList\",\"@id\":\"https:\/\/www.rentaboatking.com\/hr\/impressum\/#breadcrumb\",\"itemListElement\":[{\"@type\":\"ListItem\",\"position\":1,\"name\":\"Home\",\"item\":\"https:\/\/www.rentaboatking.com\/hr\/\"},{\"@type\":\"ListItem\",\"position\":2,\"name\":\"Impressum\"}]},{\"@type\":\"WebSite\",\"@id\":\"https:\/\/www.rentaboatking.com\/hr\/#website\",\"url\":\"https:\/\/www.rentaboatking.com\/hr\/\",\"name\":\"Rent a boat King - Ba\u0161ka\",\"description\":\"Rent a boat Baska - Explore Beaches and Islands around Baska\",\"publisher\":{\"@id\":\"https:\/\/www.rentaboatking.com\/hr\/#organization\"},\"potentialAction\":[{\"@type\":\"SearchAction\",\"target\":{\"@type\":\"EntryPoint\",\"urlTemplate\":\"https:\/\/www.rentaboatking.com\/hr\/?s={search_term_string}\"},\"query-input\":{\"@type\":\"PropertyValueSpecification\",\"valueRequired\":true,\"valueName\":\"search_term_string\"}}],\"inLanguage\":\"hr\"},{\"@type\":\"Organization\",\"@id\":\"https:\/\/www.rentaboatking.com\/hr\/#organization\",\"name\":\"TURISTI\u010cKO-USLU\u017dNI OBRT \u201cKING\u201d BA\u0160KA\",\"alternateName\":\"''King'' Ba\u0161ka\",\"url\":\"https:\/\/www.rentaboatking.com\/hr\/\",\"logo\":{\"@type\":\"ImageObject\",\"inLanguage\":\"hr\",\"@id\":\"https:\/\/www.rentaboatking.com\/hr\/#\/schema\/logo\/image\/\",\"url\":\"https:\/\/www.rentaboatking.com\/wp-content\/uploads\/2024\/06\/cropped-apple-touch-icon.png\",\"contentUrl\":\"https:\/\/www.rentaboatking.com\/wp-content\/uploads\/2024\/06\/cropped-apple-touch-icon.png\",\"width\":512,\"height\":512,\"caption\":\"TURISTI\u010cKO-USLU\u017dNI OBRT \u201cKING\u201d BA\u0160KA\"},\"image\":{\"@id\":\"https:\/\/www.rentaboatking.com\/hr\/#\/schema\/logo\/image\/\"},\"sameAs\":[\"https:\/\/www.facebook.com\/baskasubmarine\/about?locale=hr_HR\",\"https:\/\/www.instagram.com\/king_baska\/\",\"https:\/\/www.checkyeti.com\/en\/d\/2819\/21987\",\"https:\/\/www.checkyeti.com\/en\/d\/2819\/21990\"]}]}<\/script>\n<!-- \/ Yoast SEO plugin. -->","yoast_head_json":{"title":"Impressum - Rent a boat King - Baska","robots":{"index":"index","follow":"follow","max-snippet":"max-snippet:-1","max-image-preview":"max-image-preview:large","max-video-preview":"max-video-preview:-1"},"canonical":"https:\/\/www.rentaboatking.com\/hr\/impressum\/","og_locale":"hr_HR","og_type":"article","og_title":"Impressum - Rent a boat King - Baska","og_url":"https:\/\/www.rentaboatking.com\/hr\/impressum\/","og_site_name":"Rent a boat King - Baska","article_publisher":"https:\/\/www.facebook.com\/baskasubmarine\/about?locale=hr_HR","article_modified_time":"2024-07-13T21:41:30+00:00","og_image":[{"width":1200,"height":675,"url":"https:\/\/www.rentaboatking.com\/wp-content\/uploads\/2024\/07\/Barracuda-545-21-croped1.jpg","type":"image\/jpeg"}],"twitter_card":"summary_large_image","twitter_misc":{"Procijenjeno vrijeme \u010ditanja":"2 minute"},"schema":{"@context":"https:\/\/schema.org","@graph":[{"@type":"WebPage","@id":"https:\/\/www.rentaboatking.com\/hr\/impressum\/","url":"https:\/\/www.rentaboatking.com\/hr\/impressum\/","name":"Impressum - Rent a boat King - Baska","isPartOf":{"@id":"https:\/\/www.rentaboatking.com\/hr\/#website"},"datePublished":"2024-07-13T20:57:17+00:00","dateModified":"2024-07-13T21:41:30+00:00","breadcrumb":{"@id":"https:\/\/www.rentaboatking.com\/hr\/impressum\/#breadcrumb"},"inLanguage":"hr","potentialAction":[{"@type":"ReadAction","target":["https:\/\/www.rentaboatking.com\/hr\/impressum\/"]}]},{"@type":"BreadcrumbList","@id":"https:\/\/www.rentaboatking.com\/hr\/impressum\/#breadcrumb","itemListElement":[{"@type":"ListItem","position":1,"name":"Home","item":"https:\/\/www.rentaboatking.com\/hr\/"},{"@type":"ListItem","position":2,"name":"Impressum"}]},{"@type":"WebSite","@id":"https:\/\/www.rentaboatking.com\/hr\/#website","url":"https:\/\/www.rentaboatking.com\/hr\/","name":"Rent a boat King - Ba\u0161ka","description":"Rent a boat Baska - Explore Beaches and Islands around Baska","publisher":{"@id":"https:\/\/www.rentaboatking.com\/hr\/#organization"},"potentialAction":[{"@type":"SearchAction","target":{"@type":"EntryPoint","urlTemplate":"https:\/\/www.rentaboatking.com\/hr\/?s={search_term_string}"},"query-input":{"@type":"PropertyValueSpecification","valueRequired":true,"valueName":"search_term_string"}}],"inLanguage":"hr"},{"@type":"Organization","@id":"https:\/\/www.rentaboatking.com\/hr\/#organization","name":"TURISTI\u010cKO-USLU\u017dNI OBRT \u201cKING\u201d BA\u0160KA","alternateName":"''King'' Ba\u0161ka","url":"https:\/\/www.rentaboatking.com\/hr\/","logo":{"@type":"ImageObject","inLanguage":"hr","@id":"https:\/\/www.rentaboatking.com\/hr\/#\/schema\/logo\/image\/","url":"https:\/\/www.rentaboatking.com\/wp-content\/uploads\/2024\/06\/cropped-apple-touch-icon.png","contentUrl":"https:\/\/www.rentaboatking.com\/wp-content\/uploads\/2024\/06\/cropped-apple-touch-icon.png","width":512,"height":512,"caption":"TURISTI\u010cKO-USLU\u017dNI OBRT \u201cKING\u201d BA\u0160KA"},"image":{"@id":"https:\/\/www.rentaboatking.com\/hr\/#\/schema\/logo\/image\/"},"sameAs":["https:\/\/www.facebook.com\/baskasubmarine\/about?locale=hr_HR","https:\/\/www.instagram.com\/king_baska\/","https:\/\/www.checkyeti.com\/en\/d\/2819\/21987","https:\/\/www.checkyeti.com\/en\/d\/2819\/21990"]}]}},"_links":{"self":[{"href":"https:\/\/www.rentaboatking.com\/hr\/wp-json\/wp\/v2\/pages\/5016","targetHints":{"allow":["GET"]}}],"collection":[{"href":"https:\/\/www.rentaboatking.com\/hr\/wp-json\/wp\/v2\/pages"}],"about":[{"href":"https:\/\/www.rentaboatking.com\/hr\/wp-json\/wp\/v2\/types\/page"}],"author":[{"embeddable":true,"href":"https:\/\/www.rentaboatking.com\/hr\/wp-json\/wp\/v2\/users\/1"}],"replies":[{"embeddable":true,"href":"https:\/\/www.rentaboatking.com\/hr\/wp-json\/wp\/v2\/comments?post=5016"}],"version-history":[{"count":0,"href":"https:\/\/www.rentaboatking.com\/hr\/wp-json\/wp\/v2\/pages\/5016\/revisions"}],"wp:attachment":[{"href":"https:\/\/www.rentaboatking.com\/hr\/wp-json\/wp\/v2\/media?parent=5016"}],"curies":[{"name":"wp","href":"https:\/\/api.w.org\/{rel}","templated":true}]}}