{"id":5041,"date":"2024-07-13T22:56:32","date_gmt":"2024-07-13T20:56:32","guid":{"rendered":"https:\/\/www.rentaboatking.com\/?page_id=5041"},"modified":"2024-07-13T22:56:32","modified_gmt":"2024-07-13T20:56:32","slug":"politika-privatnosti","status":"publish","type":"page","link":"https:\/\/www.rentaboatking.com\/hr\/politika-privatnosti\/","title":{"rendered":"Politika Privatnosti"},"content":{"rendered":"<div class=\"fusion-fullwidth fullwidth-box fusion-builder-row-1 fusion-flex-container nonhundred-percent-fullwidth non-hundred-percent-height-scrolling\" style=\"--awb-background-position:right top;--awb-border-radius-top-left:0px;--awb-border-radius-top-right:0px;--awb-border-radius-bottom-right:0px;--awb-border-radius-bottom-left:0px;--awb-padding-top:25px;--awb-padding-bottom:8%;--awb-margin-top:20px;--awb-background-color:#ffffff;--awb-background-image:linear-gradient(0deg, #f1d253 0%,rgba(6,6,7,0) 0%);--awb-flex-wrap:wrap;\" ><div class=\"fusion-builder-row fusion-row fusion-flex-align-items-stretch fusion-flex-content-wrap\" style=\"max-width:1378px;margin-left: calc(-4% \/ 2 );margin-right: calc(-4% \/ 2 );\"><div class=\"fusion-layout-column fusion_builder_column fusion-builder-column-0 fusion_builder_column_1_1 1_1 fusion-flex-column fusion-flex-align-self-center fusion-animated\" style=\"--awb-bg-size:cover;--awb-width-large:100%;--awb-margin-top-large:0px;--awb-spacing-right-large:1.92%;--awb-margin-bottom-large:20px;--awb-spacing-left-large:1.92%;--awb-width-medium:100%;--awb-order-medium:0;--awb-spacing-right-medium:1.92%;--awb-spacing-left-medium:1.92%;--awb-width-small:100%;--awb-order-small:0;--awb-spacing-right-small:1.92%;--awb-spacing-left-small:1.92%;\" data-animationType=\"fadeInDown\" data-animationDuration=\"0.8\" data-animationOffset=\"top-into-view\"><div class=\"fusion-column-wrapper fusion-column-has-shadow fusion-flex-justify-content-flex-start fusion-content-layout-block\"><div class=\"fusion-separator fusion-full-width-sep\" style=\"align-self: center;margin-left: auto;margin-right: auto;margin-top:30px;margin-bottom:30px;width:100%;\"><\/div><div class=\"fusion-title title fusion-title-1 fusion-sep-none fusion-title-center fusion-title-text fusion-title-size-one\" style=\"--awb-text-color:#fb8500;--awb-margin-bottom:2%;--awb-margin-bottom-small:2%;--awb-font-size:20px;\"><h1 class=\"fusion-title-heading title-heading-center fusion-responsive-typography-calculated\" style=\"margin:0;font-size:1em;--fontSize:20;--minFontSize:20;line-height:1.2;\"><p style=\"text-align: center;\">Rent a boat Ba\u0161ka | Taxi boat Ba\u0161ka | King&#8217;s apartman Ba\u0161ka<\/p><\/h1><\/div><div class=\"fusion-title title fusion-title-2 fusion-sep-none fusion-title-center fusion-title-text fusion-title-size-one\" style=\"--awb-text-color:#666666;--awb-margin-top:50px;--awb-margin-bottom:0px;--awb-margin-bottom-small:10px;--awb-font-size:75px;\"><h1 class=\"fusion-title-heading title-heading-center fusion-responsive-typography-calculated\" style=\"margin:0;font-size:1em;--fontSize:75;line-height:1;\"><p style=\"text-align: center;\">Politika Privatnosti<\/p><\/h1><\/div><div class=\"fusion-content-boxes content-boxes columns row fusion-columns-1 fusion-columns-total-0 fusion-content-boxes-1 content-boxes-icon-with-title content-left\" style=\"--awb-hover-accent-color:#65bc7b;--awb-circle-hover-accent-color:#65bc7b;--awb-item-margin-bottom:40px;\" data-animationOffset=\"top-into-view\"><div class=\"fusion-clearfix\"><\/div><\/div><div class=\"fusion-fa-align-center\"><i class=\"fb-icon-element-1 fb-icon-element fontawesome-icon fitness-separator circle-no\" style=\"--awb-iconcolor:#fb8500;--awb-iconcolor-hover:#fb8500;--awb-font-size:99px;--awb-margin-top:-15px;--awb-margin-bottom:-15px;\"><\/i><\/div><div class=\"fusion-title title fusion-title-3 fusion-sep-none fusion-title-text fusion-title-size-three\"><h3 class=\"fusion-title-heading title-heading-left fusion-responsive-typography-calculated\" style=\"margin:0;--fontSize:24;--minFontSize:24;line-height:1.36;\"><p style=\"text-align: left;\">Uvod<\/p><\/h3><\/div><div class=\"fusion-text fusion-text-1\"><p style=\"text-align: left;\">Dobrodo\u0161li u T.U.O. &#8220;King&#8221;. Cijenimo va\u0161u privatnost i predani smo za\u0161titi va\u0161ih osobnih podataka. Ova pravila o privatnosti obja\u0161njavaju kako prikupljamo, koristimo i \u0161titimo va\u0161e podatke kada koristite na\u0161u web stranicu.<\/p>\n<\/div><div class=\"fusion-title title fusion-title-4 fusion-sep-none fusion-title-text fusion-title-size-three\"><h3 class=\"fusion-title-heading title-heading-left fusion-responsive-typography-calculated\" style=\"margin:0;--fontSize:24;--minFontSize:24;line-height:1.36;\"><p style=\"text-align: left;\">Informacije koje prikupljamo<\/p><\/h3><\/div><div class=\"fusion-text fusion-text-2\"><p style=\"text-align: left;\">Podaci koje prikupljamo koriste se isklju\u010divo u sljede\u0107e svrhe:<\/p>\n<ul>\n<li>Odgovor na upite: Koristimo va\u0161e kontaktne podatke kako bismo odgovorili na va\u0161a pitanja i pru\u017eili informacije o na\u0161im uslugama.<\/li>\n<li>Korisni\u010dka podr\u0161ka: Kako bismo vam pru\u017eili podr\u0161ku i rije\u0161ili sve probleme koje mo\u017eete imati.<\/li>\n<\/ul>\n<\/div><div class=\"fusion-title title fusion-title-5 fusion-sep-none fusion-title-text fusion-title-size-three\"><h3 class=\"fusion-title-heading title-heading-left fusion-responsive-typography-calculated\" style=\"margin:0;--fontSize:24;--minFontSize:24;line-height:1.36;\"><p style=\"text-align: left;\">Za\u0161tita podataka<\/p><\/h3><\/div><div class=\"fusion-text fusion-text-3\"><p>Posve\u0107eni smo osiguravanju da su va\u0161i podaci sigurni. Implementirali smo odgovaraju\u0107e fizi\u010dke, elektroni\u010dke i upravlja\u010dke postupke kako bismo za\u0161titili i osigurali podatke koje prikupljamo putem interneta.<\/p>\n<\/div><div class=\"fusion-title title fusion-title-6 fusion-sep-none fusion-title-text fusion-title-size-three\"><h3 class=\"fusion-title-heading title-heading-left fusion-responsive-typography-calculated\" style=\"margin:0;--fontSize:24;--minFontSize:24;line-height:1.36;\">\u010cuvanje podataka<\/h3><\/div><div class=\"fusion-text fusion-text-4\"><p>Va\u0161e osobne podatke \u010duvat \u0107emo samo onoliko dugo koliko je potrebno za ispunjenje svrhe za koju smo ih prikupili, uklju\u010duju\u0107i svrhe zadovoljavanja zakonskih, ra\u010dunovodstvenih ili izvje\u0161tajnih zahtjeva.<\/p>\n<\/div><div class=\"fusion-title title fusion-title-7 fusion-sep-none fusion-title-text fusion-title-size-three\"><h3 class=\"fusion-title-heading title-heading-left fusion-responsive-typography-calculated\" style=\"margin:0;--fontSize:24;--minFontSize:24;line-height:1.36;\">Dijeljenje informacija<\/h3><\/div><div class=\"fusion-text fusion-text-5\"><p>Ne dijelimo, prodajemo ili distribuiramo va\u0161e osobne podatke tre\u0107im stranama, osim ako to zakon zahtijeva.<\/p>\n<\/div><div class=\"fusion-title title fusion-title-8 fusion-sep-none fusion-title-text fusion-title-size-three\"><h3 class=\"fusion-title-heading title-heading-left fusion-responsive-typography-calculated\" style=\"margin:0;--fontSize:24;--minFontSize:24;line-height:1.36;\">Va\u0161a prava<\/h3><\/div><div class=\"fusion-text fusion-text-6\"><p>Imate pravo na:<\/p>\n<ul>\n<li>Pristupiti svojim podacima: Zatra\u017eiti kopiju osobnih podataka koje imamo o vama.<\/li>\n<li>Ispraviti svoje podatke: Zatra\u017eiti ispravak neto\u010dnih ili nepotpunih podataka koje imamo o vama.<\/li>\n<li>Izbrisati svoje podatke: Zatra\u017eiti brisanje va\u0161ih osobnih podataka.<\/li>\n<\/ul>\n<\/div><div class=\"fusion-title title fusion-title-9 fusion-sep-none fusion-title-text fusion-title-size-three\"><h3 class=\"fusion-title-heading title-heading-left fusion-responsive-typography-calculated\" style=\"margin:0;--fontSize:24;--minFontSize:24;line-height:1.36;\">Promjene ovih pravila<\/h3><\/div><div class=\"fusion-text fusion-text-7\"><p>Mo\u017eemo povremeno a\u017eurirati ovu politiku privatnosti. Obavijestit \u0107emo vas o svim promjenama objavljivanjem novih pravila na na\u0161oj web stranici.<\/p>\n<\/div><div class=\"fusion-title title fusion-title-10 fusion-sep-none fusion-title-text fusion-title-size-three\"><h3 class=\"fusion-title-heading title-heading-left fusion-responsive-typography-calculated\" style=\"margin:0;--fontSize:24;--minFontSize:24;line-height:1.36;\">Kontaktirajte nas<\/h3><\/div><div class=\"fusion-text fusion-text-8\"><p>T.U.O. &#8221;King&#8221; Palada 12, 51523 Ba\u0161ka, otok Krk taxiboatking@gmail.com<\/p>\n<p>+385\/92\/104-5390<\/p>\n<\/div><div class=\"fusion-separator fusion-full-width-sep\" style=\"align-self: center;margin-left: auto;margin-right: auto;width:100%;\"><\/div><\/div><\/div><\/div><\/div>\n","protected":false},"excerpt":{"rendered":"","protected":false},"author":1,"featured_media":0,"parent":0,"menu_order":0,"comment_status":"closed","ping_status":"closed","template":"100-width.php","meta":{"footnotes":""},"class_list":["post-5041","page","type-page","status-publish","hentry"],"yoast_head":"<!-- This site is optimized with the Yoast SEO plugin v24.9 - https:\/\/yoast.com\/wordpress\/plugins\/seo\/ -->\n<title>Politika Privatnosti - Rent a boat King - Baska<\/title>\n<meta name=\"robots\" content=\"index, follow, max-snippet:-1, max-image-preview:large, max-video-preview:-1\" \/>\n<link rel=\"canonical\" href=\"https:\/\/www.rentaboatking.com\/hr\/politika-privatnosti\/\" \/>\n<meta property=\"og:locale\" content=\"hr_HR\" \/>\n<meta property=\"og:type\" content=\"article\" \/>\n<meta property=\"og:title\" content=\"Politika Privatnosti - Rent a boat King - Baska\" \/>\n<meta property=\"og:url\" content=\"https:\/\/www.rentaboatking.com\/hr\/politika-privatnosti\/\" \/>\n<meta property=\"og:site_name\" content=\"Rent a boat King - Baska\" \/>\n<meta property=\"article:publisher\" content=\"https:\/\/www.facebook.com\/baskasubmarine\/about?locale=hr_HR\" \/>\n<meta property=\"og:image\" content=\"https:\/\/www.rentaboatking.com\/wp-content\/uploads\/2024\/07\/Barracuda-545-21-croped1.jpg\" \/>\n\t<meta property=\"og:image:width\" content=\"1200\" \/>\n\t<meta property=\"og:image:height\" content=\"675\" \/>\n\t<meta property=\"og:image:type\" content=\"image\/jpeg\" \/>\n<meta name=\"twitter:card\" content=\"summary_large_image\" \/>\n<meta name=\"twitter:label1\" content=\"Procijenjeno vrijeme \u010ditanja\" \/>\n\t<meta name=\"twitter:data1\" content=\"5 minuta\" \/>\n<script type=\"application\/ld+json\" class=\"yoast-schema-graph\">{\"@context\":\"https:\/\/schema.org\",\"@graph\":[{\"@type\":\"WebPage\",\"@id\":\"https:\/\/www.rentaboatking.com\/hr\/politika-privatnosti\/\",\"url\":\"https:\/\/www.rentaboatking.com\/hr\/politika-privatnosti\/\",\"name\":\"Politika Privatnosti - Rent a boat King - Baska\",\"isPartOf\":{\"@id\":\"https:\/\/www.rentaboatking.com\/hr\/#website\"},\"datePublished\":\"2024-07-13T20:56:32+00:00\",\"breadcrumb\":{\"@id\":\"https:\/\/www.rentaboatking.com\/hr\/politika-privatnosti\/#breadcrumb\"},\"inLanguage\":\"hr\",\"potentialAction\":[{\"@type\":\"ReadAction\",\"target\":[\"https:\/\/www.rentaboatking.com\/hr\/politika-privatnosti\/\"]}]},{\"@type\":\"BreadcrumbList\",\"@id\":\"https:\/\/www.rentaboatking.com\/hr\/politika-privatnosti\/#breadcrumb\",\"itemListElement\":[{\"@type\":\"ListItem\",\"position\":1,\"name\":\"Home\",\"item\":\"https:\/\/www.rentaboatking.com\/hr\/\"},{\"@type\":\"ListItem\",\"position\":2,\"name\":\"Politika Privatnosti\"}]},{\"@type\":\"WebSite\",\"@id\":\"https:\/\/www.rentaboatking.com\/hr\/#website\",\"url\":\"https:\/\/www.rentaboatking.com\/hr\/\",\"name\":\"Rent a boat King - Ba\u0161ka\",\"description\":\"Rent a boat Baska - Explore Beaches and Islands around Baska\",\"publisher\":{\"@id\":\"https:\/\/www.rentaboatking.com\/hr\/#organization\"},\"potentialAction\":[{\"@type\":\"SearchAction\",\"target\":{\"@type\":\"EntryPoint\",\"urlTemplate\":\"https:\/\/www.rentaboatking.com\/hr\/?s={search_term_string}\"},\"query-input\":{\"@type\":\"PropertyValueSpecification\",\"valueRequired\":true,\"valueName\":\"search_term_string\"}}],\"inLanguage\":\"hr\"},{\"@type\":\"Organization\",\"@id\":\"https:\/\/www.rentaboatking.com\/hr\/#organization\",\"name\":\"TURISTI\u010cKO-USLU\u017dNI OBRT \u201cKING\u201d BA\u0160KA\",\"alternateName\":\"''King'' Ba\u0161ka\",\"url\":\"https:\/\/www.rentaboatking.com\/hr\/\",\"logo\":{\"@type\":\"ImageObject\",\"inLanguage\":\"hr\",\"@id\":\"https:\/\/www.rentaboatking.com\/hr\/#\/schema\/logo\/image\/\",\"url\":\"https:\/\/www.rentaboatking.com\/wp-content\/uploads\/2024\/06\/cropped-apple-touch-icon.png\",\"contentUrl\":\"https:\/\/www.rentaboatking.com\/wp-content\/uploads\/2024\/06\/cropped-apple-touch-icon.png\",\"width\":512,\"height\":512,\"caption\":\"TURISTI\u010cKO-USLU\u017dNI OBRT \u201cKING\u201d BA\u0160KA\"},\"image\":{\"@id\":\"https:\/\/www.rentaboatking.com\/hr\/#\/schema\/logo\/image\/\"},\"sameAs\":[\"https:\/\/www.facebook.com\/baskasubmarine\/about?locale=hr_HR\",\"https:\/\/www.instagram.com\/king_baska\/\",\"https:\/\/www.checkyeti.com\/en\/d\/2819\/21987\",\"https:\/\/www.checkyeti.com\/en\/d\/2819\/21990\"]}]}<\/script>\n<!-- \/ Yoast SEO plugin. -->","yoast_head_json":{"title":"Politika Privatnosti - Rent a boat King - Baska","robots":{"index":"index","follow":"follow","max-snippet":"max-snippet:-1","max-image-preview":"max-image-preview:large","max-video-preview":"max-video-preview:-1"},"canonical":"https:\/\/www.rentaboatking.com\/hr\/politika-privatnosti\/","og_locale":"hr_HR","og_type":"article","og_title":"Politika Privatnosti - Rent a boat King - Baska","og_url":"https:\/\/www.rentaboatking.com\/hr\/politika-privatnosti\/","og_site_name":"Rent a boat King - Baska","article_publisher":"https:\/\/www.facebook.com\/baskasubmarine\/about?locale=hr_HR","og_image":[{"width":1200,"height":675,"url":"https:\/\/www.rentaboatking.com\/wp-content\/uploads\/2024\/07\/Barracuda-545-21-croped1.jpg","type":"image\/jpeg"}],"twitter_card":"summary_large_image","twitter_misc":{"Procijenjeno vrijeme \u010ditanja":"5 minuta"},"schema":{"@context":"https:\/\/schema.org","@graph":[{"@type":"WebPage","@id":"https:\/\/www.rentaboatking.com\/hr\/politika-privatnosti\/","url":"https:\/\/www.rentaboatking.com\/hr\/politika-privatnosti\/","name":"Politika Privatnosti - Rent a boat King - Baska","isPartOf":{"@id":"https:\/\/www.rentaboatking.com\/hr\/#website"},"datePublished":"2024-07-13T20:56:32+00:00","breadcrumb":{"@id":"https:\/\/www.rentaboatking.com\/hr\/politika-privatnosti\/#breadcrumb"},"inLanguage":"hr","potentialAction":[{"@type":"ReadAction","target":["https:\/\/www.rentaboatking.com\/hr\/politika-privatnosti\/"]}]},{"@type":"BreadcrumbList","@id":"https:\/\/www.rentaboatking.com\/hr\/politika-privatnosti\/#breadcrumb","itemListElement":[{"@type":"ListItem","position":1,"name":"Home","item":"https:\/\/www.rentaboatking.com\/hr\/"},{"@type":"ListItem","position":2,"name":"Politika Privatnosti"}]},{"@type":"WebSite","@id":"https:\/\/www.rentaboatking.com\/hr\/#website","url":"https:\/\/www.rentaboatking.com\/hr\/","name":"Rent a boat King - Ba\u0161ka","description":"Rent a boat Baska - Explore Beaches and Islands around Baska","publisher":{"@id":"https:\/\/www.rentaboatking.com\/hr\/#organization"},"potentialAction":[{"@type":"SearchAction","target":{"@type":"EntryPoint","urlTemplate":"https:\/\/www.rentaboatking.com\/hr\/?s={search_term_string}"},"query-input":{"@type":"PropertyValueSpecification","valueRequired":true,"valueName":"search_term_string"}}],"inLanguage":"hr"},{"@type":"Organization","@id":"https:\/\/www.rentaboatking.com\/hr\/#organization","name":"TURISTI\u010cKO-USLU\u017dNI OBRT \u201cKING\u201d BA\u0160KA","alternateName":"''King'' Ba\u0161ka","url":"https:\/\/www.rentaboatking.com\/hr\/","logo":{"@type":"ImageObject","inLanguage":"hr","@id":"https:\/\/www.rentaboatking.com\/hr\/#\/schema\/logo\/image\/","url":"https:\/\/www.rentaboatking.com\/wp-content\/uploads\/2024\/06\/cropped-apple-touch-icon.png","contentUrl":"https:\/\/www.rentaboatking.com\/wp-content\/uploads\/2024\/06\/cropped-apple-touch-icon.png","width":512,"height":512,"caption":"TURISTI\u010cKO-USLU\u017dNI OBRT \u201cKING\u201d BA\u0160KA"},"image":{"@id":"https:\/\/www.rentaboatking.com\/hr\/#\/schema\/logo\/image\/"},"sameAs":["https:\/\/www.facebook.com\/baskasubmarine\/about?locale=hr_HR","https:\/\/www.instagram.com\/king_baska\/","https:\/\/www.checkyeti.com\/en\/d\/2819\/21987","https:\/\/www.checkyeti.com\/en\/d\/2819\/21990"]}]}},"_links":{"self":[{"href":"https:\/\/www.rentaboatking.com\/hr\/wp-json\/wp\/v2\/pages\/5041","targetHints":{"allow":["GET"]}}],"collection":[{"href":"https:\/\/www.rentaboatking.com\/hr\/wp-json\/wp\/v2\/pages"}],"about":[{"href":"https:\/\/www.rentaboatking.com\/hr\/wp-json\/wp\/v2\/types\/page"}],"author":[{"embeddable":true,"href":"https:\/\/www.rentaboatking.com\/hr\/wp-json\/wp\/v2\/users\/1"}],"replies":[{"embeddable":true,"href":"https:\/\/www.rentaboatking.com\/hr\/wp-json\/wp\/v2\/comments?post=5041"}],"version-history":[{"count":0,"href":"https:\/\/www.rentaboatking.com\/hr\/wp-json\/wp\/v2\/pages\/5041\/revisions"}],"wp:attachment":[{"href":"https:\/\/www.rentaboatking.com\/hr\/wp-json\/wp\/v2\/media?parent=5041"}],"curies":[{"name":"wp","href":"https:\/\/api.w.org\/{rel}","templated":true}]}}